{"id":703,"date":"2017-02-22T19:05:33","date_gmt":"2017-02-22T19:05:33","guid":{"rendered":"http:\/\/grupoarca.com.co\/?page_id=703"},"modified":"2017-03-15T16:32:36","modified_gmt":"2017-03-15T16:32:36","slug":"proyectos","status":"publish","type":"page","link":"https:\/\/grupoarca.com.co\/index.php\/proyectos\/","title":{"rendered":"PROYECTOS"},"content":{"rendered":"<p>NUESTROS PROYECTOS Este es el resultado de a\u00f1os y a\u00f1os de continuos cambios y evoluci\u00f3n. Porque esta es nuestra revoluci\u00f3n, nuestro legado. Es por eso que en cada uno de los proyectos que hemos desarrollado, se encuentra todo nuestro esfuerzo, orgullo, dedicaci\u00f3n y devo <a href=\"https:\/\/grupoarca.com.co\/index.php\/proyectos\/\" title=\"Read more on PROYECTOS\" class=\"more-link\">read more<\/a><\/p>\n","protected":false},"excerpt":{"rendered":"<p>NUESTROS PROYECTOS Este es el resultado de a\u00f1os y a\u00f1os de continuos cambios y evoluci\u00f3n. Porque esta es nuestra revoluci\u00f3n, nuestro legado. Es por eso que en cada uno de los proyectos que hemos desarrollado, se encuentra todo nuestro esfuerzo, orgullo, dedicaci\u00f3n y devo read more<\/p>\n","protected":false},"author":1,"featured_media":0,"parent":0,"menu_order":0,"comment_status":"closed","ping_status":"closed","template":"","meta":{"footnotes":""},"class_list":["post-703","page","type-page","status-publish","hentry","no-thumb"],"jetpack_sharing_enabled":true,"jetpack_shortlink":"https:\/\/wp.me\/P9U35Y-bl","_links":{"self":[{"href":"https:\/\/grupoarca.com.co\/index.php\/wp-json\/wp\/v2\/pages\/703","targetHints":{"allow":["GET"]}}],"collection":[{"href":"https:\/\/grupoarca.com.co\/index.php\/wp-json\/wp\/v2\/pages"}],"about":[{"href":"https:\/\/grupoarca.com.co\/index.php\/wp-json\/wp\/v2\/types\/page"}],"author":[{"embeddable":true,"href":"https:\/\/grupoarca.com.co\/index.php\/wp-json\/wp\/v2\/users\/1"}],"replies":[{"embeddable":true,"href":"https:\/\/grupoarca.com.co\/index.php\/wp-json\/wp\/v2\/comments?post=703"}],"version-history":[{"count":39,"href":"https:\/\/grupoarca.com.co\/index.php\/wp-json\/wp\/v2\/pages\/703\/revisions"}],"predecessor-version":[{"id":1638,"href":"https:\/\/grupoarca.com.co\/index.php\/wp-json\/wp\/v2\/pages\/703\/revisions\/1638"}],"wp:attachment":[{"href":"https:\/\/grupoarca.com.co\/index.php\/wp-json\/wp\/v2\/media?parent=703"}],"curies":[{"name":"wp","href":"https:\/\/api.w.org\/{rel}","templated":true}]}}